{"id":395832,"date":"2024-05-13T09:45:46","date_gmt":"2024-05-13T07:45:46","guid":{"rendered":"https:\/\/www.zveza-anitaogulin.si\/distance-learning-manual\/"},"modified":"2024-12-13T12:11:12","modified_gmt":"2024-12-13T11:11:12","slug":"distance-learning-manual","status":"publish","type":"page","link":"https:\/\/www.zveza-anitaogulin.si\/en\/for-parents\/distance-learning-manual\/","title":{"rendered":"Distance learning \u2013 Manual"},"content":{"rendered":"<p>[et_pb_section fb_built=&#8221;1&#8243; admin_label=&#8221;Header&#8221; _builder_version=&#8221;4.25.0&#8243; _module_preset=&#8221;default&#8221; background_enable_color=&#8221;off&#8221; use_background_color_gradient=&#8221;on&#8221; background_color_gradient_direction=&#8221;90deg&#8221; background_color_gradient_stops=&#8221;#832047 0%|#20a6b9 100%&#8221; background_image=&#8221;https:\/\/www.zveza-anitaogulin.si\/wp-content\/uploads\/2024\/05\/virtual-assistant-333.png&#8221; background_blend=&#8221;soft-light&#8221; custom_padding=&#8221;6%||6%||false|false&#8221; global_module=&#8221;814&#8243; locked=&#8221;off&#8221; global_colors_info=&#8221;{}&#8221;][et_pb_row _builder_version=&#8221;4.22.0&#8243; _module_preset=&#8221;default&#8221; width=&#8221;90%&#8221; max_width=&#8221;1920px&#8221; global_colors_info=&#8221;{}&#8221;][et_pb_column type=&#8221;4_4&#8243; _builder_version=&#8221;4.16&#8243; _module_preset=&#8221;default&#8221; global_colors_info=&#8221;{}&#8221;]<\/p>\n<p>[et_pb_post_title meta=&#8221;off&#8221; featured_image=&#8221;off&#8221; _builder_version=&#8221;4.25.0&#8243; _module_preset=&#8221;default&#8221; title_text_color=&#8221;rgba(255,255,255,0.69)&#8221; title_font_size=&#8221;4vw&#8221; title_font_size_tablet=&#8221;5vw&#8221; title_font_size_phone=&#8221;4vh&#8221; title_font_size_last_edited=&#8221;on|phone&#8221; global_colors_info=&#8221;{}&#8221;][\/et_pb_post_title]<\/p>\n<p>[\/et_pb_column][\/et_pb_row][\/et_pb_section][et_pb_section fb_built=&#8221;1&#8243; _builder_version=&#8221;4.25.0&#8243; _module_preset=&#8221;default&#8221; custom_margin=&#8221;||51px|||&#8221; custom_padding=&#8221;||8px|||&#8221; global_colors_info=&#8221;{}&#8221;][et_pb_row column_structure=&#8221;1_3,2_3&#8243; use_custom_gutter=&#8221;on&#8221; gutter_width=&#8221;1&#8243; make_equal=&#8221;on&#8221; _builder_version=&#8221;4.25.0&#8243; _module_preset=&#8221;default&#8221; custom_padding=&#8221;||5px|||&#8221; global_colors_info=&#8221;{}&#8221;][et_pb_column type=&#8221;1_3&#8243; _builder_version=&#8221;4.25.0&#8243; _module_preset=&#8221;default&#8221; global_colors_info=&#8221;{}&#8221;][et_pb_image src=&#8221;https:\/\/www.zveza-anitaogulin.si\/wp-content\/uploads\/2024\/05\/PRIROCNIK-225&#215;300-1.png&#8221; title_text=&#8221;PRIRO\u010cNIK-225&#215;300&#8243; _builder_version=&#8221;4.25.0&#8243; _module_preset=&#8221;default&#8221; border_radii=&#8221;on|33px|33px|33px|33px&#8221; box_shadow_style=&#8221;preset1&#8243; box_shadow_blur=&#8221;55px&#8221; box_shadow_color=&#8221;rgba(0,0,0,0.24)&#8221; global_colors_info=&#8221;{}&#8221;][\/et_pb_image][\/et_pb_column][et_pb_column type=&#8221;2_3&#8243; module_class=&#8221;ds-vertical-align&#8221; _builder_version=&#8221;4.25.0&#8243; _module_preset=&#8221;default&#8221; global_colors_info=&#8221;{}&#8221;][et_pb_text _builder_version=&#8221;4.25.0&#8243; _module_preset=&#8221;default&#8221; global_colors_info=&#8221;{}&#8221;]<\/p>\n<p>V sklopu programa u\u010dne pomo\u010di, ki jo izvajamo \u017ee \u010detrto \u0161olsko leto, smo pripravili <strong>enostaven priro\u010dnik<\/strong>, ki lahko utegne pomagati star\u0161em in otrokom, \u0161e posebej \u010dasih \u0161olanja na daljavo, ko se morajo otroci ve\u010dinoma znajti tudi sami. U\u010denje si namre\u010d lahko poenostavimo in strukturiramo tako, da odnesemo najve\u010d kar lahko, predvsem pa so tu predstavljeni tudi prvi koraki, ki otroke in mlade vodijo k samostojnemu u\u010denju in usvajanju znanja.<\/p>\n<p>\u017delimo vam prijetno branje in raziskovanje &#x1f609;.<\/p>\n<p>[\/et_pb_text][et_pb_button button_url=&#8221;https:\/\/www.zveza-anitaogulin.si\/wp-content\/uploads\/2024\/05\/generali-ZPMP-PRIROCNIK_ZA_STARSE_IN_OTROKE-148&#215;210-05-web.pdf&#8221; url_new_window=&#8221;on&#8221; button_text=&#8221;Download the manual&#8221; button_alignment=&#8221;left&#8221; _builder_version=&#8221;4.25.0&#8243; custom_button=&#8221;on&#8221; button_text_size=&#8221;12px&#8221; button_text_color=&#8221;#ffffff&#8221; button_bg_color=&#8221;#20a6b9&#8243; button_bg_color_gradient_direction=&#8221;89deg&#8221; button_bg_color_gradient_stops=&#8221;#ffcfaa 0%|#fa6eb9 100%&#8221; button_bg_color_gradient_start=&#8221;#ffcfaa&#8221; button_bg_color_gradient_end=&#8221;#fa6eb9&#8243; button_border_width=&#8221;0px&#8221; button_border_radius=&#8221;100px&#8221; button_letter_spacing=&#8221;4px&#8221; button_font=&#8221;|700||on|||||&#8221; button_icon=&#8221;&#xf019;||fa||900&#8243; custom_margin=&#8221;30px||||false|false&#8221; custom_padding=&#8221;20px|46px|20px|46px|true|true&#8221; hover_enabled=&#8221;0&#8243; box_shadow_style=&#8221;preset3&#8243; box_shadow_vertical=&#8221;10px&#8221; box_shadow_blur=&#8221;20px&#8221; box_shadow_spread=&#8221;0px&#8221; box_shadow_color=&#8221;rgba(32,166,185,0.32)&#8221; locked=&#8221;off&#8221; global_colors_info=&#8221;{}&#8221; button_on_hover=&#8221;off&#8221; button_icon_placement=&#8221;left&#8221; sticky_enabled=&#8221;0&#8243;][\/et_pb_button][\/et_pb_column][\/et_pb_row][\/et_pb_section][et_pb_section fb_built=&#8221;1&#8243; _builder_version=&#8221;4.25.0&#8243; _module_preset=&#8221;default&#8221; custom_padding=&#8221;6px|||||&#8221; global_colors_info=&#8221;{}&#8221;][et_pb_row _builder_version=&#8221;4.25.0&#8243; _module_preset=&#8221;default&#8221; custom_padding=&#8221;6px|||||&#8221; global_colors_info=&#8221;{}&#8221;][et_pb_column type=&#8221;4_4&#8243; _builder_version=&#8221;4.25.0&#8243; _module_preset=&#8221;default&#8221; global_colors_info=&#8221;{}&#8221;][et_pb_text _builder_version=&#8221;4.25.0&#8243; _module_preset=&#8221;default&#8221; text_orientation=&#8221;center&#8221; global_colors_info=&#8221;{}&#8221;]<\/p>\n<p>On the link below, you can also see some advice by Marko Juhant on <strong>how to motivate our children to learn<\/strong>:<\/p>\n<p>[\/et_pb_text][et_pb_video src=&#8221;https:\/\/www.youtube.com\/watch?v=fg3oJ1F3ZHc&#8221; _builder_version=&#8221;4.25.0&#8243; _module_preset=&#8221;default&#8221; hover_enabled=&#8221;0&#8243; global_colors_info=&#8221;{}&#8221; image_src=&#8221;\/\/i.ytimg.com\/vi\/fg3oJ1F3ZHc\/hqdefault.jpg&#8221; sticky_enabled=&#8221;0&#8243;][\/et_pb_video][\/et_pb_column][\/et_pb_row][\/et_pb_section]<\/p>\n","protected":false},"excerpt":{"rendered":"<p>V sklopu programa u\u010dne pomo\u010di, ki jo izvajamo \u017ee \u010detrto \u0161olsko leto, smo pripravili enostaven priro\u010dnik, ki lahko utegne pomagati star\u0161em in otrokom, \u0161e posebej \u010dasih \u0161olanja na daljavo, ko se morajo otroci ve\u010dinoma znajti tudi sami. U\u010denje si namre\u010d lahko poenostavimo in strukturiramo tako, da odnesemo najve\u010d kar lahko, predvsem pa so tu predstavljeni [&hellip;]<\/p>\n","protected":false},"author":1,"featured_media":0,"parent":395859,"menu_order":0,"comment_status":"closed","ping_status":"closed","template":"","meta":{"give_campaign_id":0,"_seopress_robots_primary_cat":"","_seopress_titles_title":"","_seopress_titles_desc":"","_seopress_robots_index":"","_et_pb_use_builder":"on","_et_pb_old_content":"","_et_gb_content_width":"","footnotes":""},"class_list":["post-395832","page","type-page","status-publish","hentry"],"campaignId":"","_links":{"self":[{"href":"https:\/\/www.zveza-anitaogulin.si\/en\/wp-json\/wp\/v2\/pages\/395832","targetHints":{"allow":["GET"]}}],"collection":[{"href":"https:\/\/www.zveza-anitaogulin.si\/en\/wp-json\/wp\/v2\/pages"}],"about":[{"href":"https:\/\/www.zveza-anitaogulin.si\/en\/wp-json\/wp\/v2\/types\/page"}],"author":[{"embeddable":true,"href":"https:\/\/www.zveza-anitaogulin.si\/en\/wp-json\/wp\/v2\/users\/1"}],"replies":[{"embeddable":true,"href":"https:\/\/www.zveza-anitaogulin.si\/en\/wp-json\/wp\/v2\/comments?post=395832"}],"version-history":[{"count":1,"href":"https:\/\/www.zveza-anitaogulin.si\/en\/wp-json\/wp\/v2\/pages\/395832\/revisions"}],"predecessor-version":[{"id":395833,"href":"https:\/\/www.zveza-anitaogulin.si\/en\/wp-json\/wp\/v2\/pages\/395832\/revisions\/395833"}],"up":[{"embeddable":true,"href":"https:\/\/www.zveza-anitaogulin.si\/en\/wp-json\/wp\/v2\/pages\/395859"}],"wp:attachment":[{"href":"https:\/\/www.zveza-anitaogulin.si\/en\/wp-json\/wp\/v2\/media?parent=395832"}],"curies":[{"name":"wp","href":"https:\/\/api.w.org\/{rel}","templated":true}]}}