{"id":395754,"date":"2024-05-16T08:20:55","date_gmt":"2024-05-16T06:20:55","guid":{"rendered":"https:\/\/www.zveza-anitaogulin.si\/vila-sumica-holiday-home-in-kranjska-gora\/"},"modified":"2024-12-19T13:35:25","modified_gmt":"2024-12-19T12:35:25","slug":"vila-sumica-holiday-home-in-kranjska-gora","status":"publish","type":"page","link":"https:\/\/www.zveza-anitaogulin.si\/en\/home-2\/vila-sumica-holiday-home-in-kranjska-gora\/","title":{"rendered":"Vila \u0160umica holiday home in Kranjska Gora"},"content":{"rendered":"<p>[et_pb_section fb_built=&#8221;1&#8243; admin_label=&#8221;Header&#8221; _builder_version=&#8221;4.25.0&#8243; _module_preset=&#8221;default&#8221; background_enable_color=&#8221;off&#8221; use_background_color_gradient=&#8221;on&#8221; background_color_gradient_direction=&#8221;90deg&#8221; background_color_gradient_stops=&#8221;#832047 0%|#20a6b9 100%&#8221; background_image=&#8221;https:\/\/www.zveza-anitaogulin.si\/wp-content\/uploads\/2024\/05\/virtual-assistant-333.png&#8221; background_blend=&#8221;soft-light&#8221; custom_padding=&#8221;6%||6%||false|false&#8221; global_module=&#8221;814&#8243; locked=&#8221;off&#8221; global_colors_info=&#8221;{}&#8221;][et_pb_row _builder_version=&#8221;4.22.0&#8243; _module_preset=&#8221;default&#8221; width=&#8221;90%&#8221; max_width=&#8221;1920px&#8221; global_colors_info=&#8221;{}&#8221;][et_pb_column type=&#8221;4_4&#8243; _builder_version=&#8221;4.16&#8243; _module_preset=&#8221;default&#8221; global_colors_info=&#8221;{}&#8221;][et_pb_post_title meta=&#8221;off&#8221; featured_image=&#8221;off&#8221; _builder_version=&#8221;4.25.0&#8243; _module_preset=&#8221;default&#8221; title_text_color=&#8221;rgba(255,255,255,0.69)&#8221; title_font_size=&#8221;4vw&#8221; title_font_size_tablet=&#8221;5vw&#8221; title_font_size_phone=&#8221;4vh&#8221; title_font_size_last_edited=&#8221;on|phone&#8221; global_colors_info=&#8221;{}&#8221;][\/et_pb_post_title][\/et_pb_column][\/et_pb_row][\/et_pb_section][et_pb_section fb_built=&#8221;1&#8243; custom_padding_last_edited=&#8221;on|desktop&#8221; admin_label=&#8221;About&#8221; _builder_version=&#8221;4.25.0&#8243; background_enable_image=&#8221;off&#8221; background_size=&#8221;contain&#8221; overflow-x=&#8221;hidden&#8221; overflow-y=&#8221;hidden&#8221; custom_padding=&#8221;0px||0px||true|false&#8221; custom_padding_tablet=&#8221;||200px||false|false&#8221; custom_padding_phone=&#8221;&#8221; global_colors_info=&#8221;{}&#8221;][et_pb_row column_structure=&#8221;1_2,1_2&#8243; _builder_version=&#8221;4.25.0&#8243; custom_padding=&#8221;83px||133px||false|false&#8221; box_shadow_style=&#8221;preset4&#8243; box_shadow_horizontal=&#8221;20vw&#8221; box_shadow_vertical=&#8221;0px&#8221; box_shadow_color=&#8221;#20A6B9&#8243; box_shadow_horizontal_last_edited=&#8221;off|tablet&#8221; box_shadow_color_tablet=&#8221;rgba(0,0,0,0)&#8221; box_shadow_color_phone=&#8221;&#8221; box_shadow_color_last_edited=&#8221;on|phone&#8221; global_colors_info=&#8221;{}&#8221;][et_pb_column type=&#8221;1_2&#8243; _builder_version=&#8221;4.16&#8243; custom_padding=&#8221;100px||||false|false&#8221; custom_padding_tablet=&#8221;0px||||false|false&#8221; custom_padding_phone=&#8221;&#8221; custom_padding_last_edited=&#8221;on|tablet&#8221; global_colors_info=&#8221;{}&#8221;][et_pb_text _builder_version=&#8221;4.25.0&#8243; header_2_font=&#8221;|700|||||||&#8221; header_2_font_size=&#8221;30px&#8221; header_2_line_height=&#8221;1.2em&#8221; max_width=&#8221;800px&#8221; custom_margin=&#8221;||17px||false|false&#8221; header_2_font_size_tablet=&#8221;25px&#8221; header_2_font_size_phone=&#8221;20px&#8221; header_2_font_size_last_edited=&#8221;on|phone&#8221; header_2_letter_spacing_tablet=&#8221;1px&#8221; header_2_letter_spacing_phone=&#8221;0px&#8221; header_2_letter_spacing_last_edited=&#8221;on|desktop&#8221; locked=&#8221;off&#8221; global_colors_info=&#8221;{}&#8221;]<\/p>\n<h2>ACCOMMODATION<\/h2>\n<p>[\/et_pb_text][et_pb_divider color=&#8221;#20A6B9&#8243; divider_weight=&#8221;3px&#8221; _builder_version=&#8221;4.25.0&#8243; _module_preset=&#8221;default&#8221; background_color=&#8221;#EEEEEE&#8221; z_index=&#8221;50&#8243; width=&#8221;150px&#8221; width_tablet=&#8221;100px&#8221; width_phone=&#8221;101px&#8221; width_last_edited=&#8221;on|phone&#8221; module_alignment=&#8221;left&#8221; max_height=&#8221;1px&#8221; custom_margin=&#8221;0px||0px||false|false&#8221; custom_padding=&#8221;0px||0px||false|false&#8221; animation_style=&#8221;slide&#8221; animation_intensity_slide=&#8221;32%&#8221; global_colors_info=&#8221;{}&#8221;][\/et_pb_divider][et_pb_divider color=&#8221;#d1d1d1&#8243; divider_weight=&#8221;1px&#8221; _builder_version=&#8221;4.25.0&#8243; _module_preset=&#8221;default&#8221; width_tablet=&#8221;90%&#8221; width_phone=&#8221;80%&#8221; width_last_edited=&#8221;off|desktop&#8221; module_alignment=&#8221;left&#8221; custom_margin=&#8221;||4px||false|false&#8221; custom_padding=&#8221;||0px||false|false&#8221; animation_direction=&#8221;right&#8221; global_colors_info=&#8221;{}&#8221;][\/et_pb_divider][et_pb_text _builder_version=&#8221;4.27.0&#8243; hover_enabled=&#8221;0&#8243; locked=&#8221;off&#8221; global_colors_info=&#8221;{}&#8221; sticky_enabled=&#8221;0&#8243;]<\/p>\n<p>In the land of Kekec located in the Triglav National Park, just below Prisanek, stands a friendly villa. An oasis of peace, beauty, kindness, and service, it offers guests both little and big a huge amount of learning, social, and sports programs throughout the year. The villa is located a stone&#8217;s throw from Kranjska Gora, next to the Pi\u0161nica river and behind lake Jasna. 75\u00a0km from Ljubljana and 2\u00a0km from Kranjska Gora, on the way to Vr\u0161i\u010d. The location offers an ideal starting point for conquering some undemanding mountains, Vr\u0161i\u010d, Prisank, Krnica, Tamar, Zelenci \u2013 the source of the Sava river, and so much more. The villa is only a 20-minute walk from the town and just a stone&#8217;s throw from lake Jasna, where children can skate in the winter and freshen up in the summer.<\/p>\n<p>[\/et_pb_text][\/et_pb_column][et_pb_column type=&#8221;1_2&#8243; _builder_version=&#8221;4.16&#8243; global_colors_info=&#8221;{}&#8221;][et_pb_image src=&#8221;https:\/\/www.zveza-anitaogulin.si\/wp-content\/uploads\/2024\/05\/vila-sumica-zunanjost-102-1030&#215;687-1.jpg&#8221; title_text=&#8221;vila-sumica-zunanjost-102-1030&#215;687&#8243; _builder_version=&#8221;4.25.0&#8243; custom_margin=&#8221;|-20vw|||false|false&#8221; custom_margin_tablet=&#8221;|-10vw|||false|false&#8221; custom_margin_phone=&#8221;&#8221; custom_margin_last_edited=&#8221;on|desktop&#8221; box_shadow_style=&#8221;preset1&#8243; box_shadow_vertical=&#8221;80px&#8221; box_shadow_blur=&#8221;100px&#8221; box_shadow_spread=&#8221;-40px&#8221; global_colors_info=&#8221;{}&#8221;][\/et_pb_image][\/et_pb_column][\/et_pb_row][\/et_pb_section][et_pb_section fb_built=&#8221;1&#8243; admin_label=&#8221;About Section&#8221; _builder_version=&#8221;4.16&#8243; custom_padding=&#8221;0px|0px|60px|0px|false|false&#8221; animation_style=&#8221;fold&#8221; animation_intensity_fold=&#8221;16%&#8221; global_colors_info=&#8221;{}&#8221;][et_pb_row column_structure=&#8221;1_2,1_2&#8243; use_custom_gutter=&#8221;on&#8221; gutter_width=&#8221;1&#8243; make_equal=&#8221;on&#8221; admin_label=&#8221;Involvements Row&#8221; _builder_version=&#8221;4.25.0&#8243; custom_margin=&#8221;|||&#8221; custom_padding=&#8221;0px|0px|0|0px|false|false&#8221; animation_style=&#8221;flip&#8221; animation_direction=&#8221;right&#8221; animation_intensity_flip=&#8221;40%&#8221; use_custom_width=&#8221;on&#8221; custom_width_px=&#8221;1280px&#8221; global_colors_info=&#8221;{}&#8221;][et_pb_column type=&#8221;1_2&#8243; module_class=&#8221;ds-vertical-align&#8221; _builder_version=&#8221;4.25.0&#8243; background_color=&#8221;#20A6B9&#8243; custom_padding=&#8221;60px|5%|60px|5%|true|false&#8221; custom_padding_tablet=&#8221;30px||30px||true|false&#8221; custom_padding_phone=&#8221;20px||20px||true|false&#8221; custom_padding_last_edited=&#8221;on|tablet&#8221; global_colors_info=&#8221;{}&#8221; custom_padding__hover=&#8221;|||&#8221;][et_pb_text admin_label=&#8221;Involvement Title &amp; Description&#8221; _builder_version=&#8221;4.25.0&#8243; text_text_color=&#8221;#FFFFFF&#8221; header_font=&#8221;||||||||&#8221; header_line_height=&#8221;1.2em&#8221; header_2_font=&#8221;|700|||||||&#8221; header_2_text_color=&#8221;#FFFFFF&#8221; header_2_font_size=&#8221;30px&#8221; header_2_line_height=&#8221;1.2em&#8221; header_3_font=&#8221;|700|||||||&#8221; header_3_text_color=&#8221;#FFFFFF&#8221; header_3_font_size=&#8221;20px&#8221; header_3_line_height=&#8221;1.5em&#8221; header_5_font=&#8221;|||on|||||&#8221; header_5_text_color=&#8221;#000000&#8243; header_5_letter_spacing=&#8221;3px&#8221; header_5_line_height=&#8221;1.7em&#8221; module_alignment=&#8221;center&#8221; custom_margin=&#8221;||30px|&#8221; header_2_font_size_tablet=&#8221;25px&#8221; header_2_font_size_phone=&#8221;20px&#8221; header_2_font_size_last_edited=&#8221;on|phone&#8221; global_colors_info=&#8221;{}&#8221;]<\/p>\n<h5>Kranjska Gora<\/h5>\n<h2>Equipment<\/h2>\n<p>The holiday home has 71 beds in seven rooms on two floors. Each room has its own bathroom. The house has a farmhouse-style room, a playroom, and a large multi-purpose room or a winter garden. The house is equipped with audio and video equipment, as well as microscopes. Users can access the Internet free of charge using a wireless connection. There is also a multi-purpose sports field (for volleyball, basketball, mini football, dodgeball, badminton) with lighting. Next to the playground, you can find play sets for preschool children (climbing, slides, swings).<\/p>\n<p>[\/et_pb_text][\/et_pb_column][et_pb_column type=&#8221;1_2&#8243; module_class=&#8221;ds-vertical-align&#8221; _builder_version=&#8221;4.25.0&#8243; background_color=&#8221;#EEEEEE&#8221; custom_padding=&#8221;60px|5%|60px|5%|true|false&#8221; custom_padding_tablet=&#8221;30px||30px||true|false&#8221; custom_padding_phone=&#8221;20px||20px||true|false&#8221; custom_padding_last_edited=&#8221;on|phone&#8221; global_colors_info=&#8221;{}&#8221; custom_padding__hover=&#8221;|||&#8221;][et_pb_text admin_label=&#8221;Involvement Title &amp; Description&#8221; _builder_version=&#8221;4.25.0&#8243; text_text_color=&#8221;#666666&#8243; header_font=&#8221;||||||||&#8221; header_line_height=&#8221;1.2em&#8221; header_2_font=&#8221;|700|||||||&#8221; header_2_font_size=&#8221;30px&#8221; header_3_font=&#8221;|700|||||||&#8221; header_3_text_color=&#8221;#000000&#8243; header_3_font_size=&#8221;34px&#8221; header_3_line_height=&#8221;1.5em&#8221; header_5_font=&#8221;|||on|||||&#8221; header_5_text_color=&#8221;#20A6B9&#8243; header_5_letter_spacing=&#8221;3px&#8221; header_5_line_height=&#8221;1.7em&#8221; module_alignment=&#8221;center&#8221; custom_margin=&#8221;||30px|&#8221; header_2_font_size_tablet=&#8221;25px&#8221; header_2_font_size_phone=&#8221;20px&#8221; header_2_font_size_last_edited=&#8221;on|phone&#8221; global_colors_info=&#8221;{}&#8221;]<\/p>\n<h5>Kranjska Gora<\/h5>\n<h2>Rooms, beds<\/h2>\n<p><strong>1st floor<\/strong> \u2013 room 1 (10 beds), room 2 (12 beds), room 3 (6 beds)<br \/><strong>2nd floor<\/strong> \u2013 room 4 (10 beds), room 5 (12 beds), room 6 (6 beds)<br \/><strong>Mansard<\/strong> \u2013 room 7 (15 beds)<\/p>\n<p>[\/et_pb_text][\/et_pb_column][\/et_pb_row][\/et_pb_section][et_pb_section fb_built=&#8221;1&#8243; module_id=&#8221;pomoc&#8221; _builder_version=&#8221;4.25.0&#8243; _module_preset=&#8221;default&#8221; custom_padding=&#8221;12px|||||&#8221; global_colors_info=&#8221;{}&#8221;][et_pb_row make_equal=&#8221;on&#8221; _builder_version=&#8221;4.25.0&#8243; _module_preset=&#8221;default&#8221; global_colors_info=&#8221;{}&#8221;][et_pb_column type=&#8221;4_4&#8243; _builder_version=&#8221;4.25.0&#8243; _module_preset=&#8221;default&#8221; custom_padding=&#8221;27px|15px|27px|15px|true|true&#8221; border_radii=&#8221;on|26px|26px|26px|26px&#8221; border_width_all=&#8221;1px&#8221; border_color_all=&#8221;#bababa&#8221; box_shadow_style=&#8221;preset1&#8243; box_shadow_blur=&#8221;55px&#8221; box_shadow_color=&#8221;#FFFFFF&#8221; global_colors_info=&#8221;{}&#8221; box_shadow_color__hover_enabled=&#8221;on|hover&#8221; box_shadow_color__hover=&#8221;rgba(32,166,185,0.27)&#8221;][et_pb_text _builder_version=&#8221;4.27.0&#8243; _module_preset=&#8221;default&#8221; text_orientation=&#8221;center&#8221; hover_enabled=&#8221;0&#8243; global_colors_info=&#8221;{}&#8221; sticky_enabled=&#8221;0&#8243;]<\/p>\n<p>Find out more about the home at <a href=\"http:\/\/www.vilasumica.si\" target=\"_blank\" rel=\"noopener\">www.vilasumica.si<\/a>. If you wish to rent the home, send an e-mail to <a href=\"mailto:info@vilasumica.si\">info@vilasumica.si<\/a>. For information regarding our camps: <a href=\"mailto:prijave@zpmmoste.net\">prijave@zveza-anitaogulin.si.<\/a><\/p>\n<p>[\/et_pb_text][et_pb_button button_url=&#8221;https:\/\/www.zveza-anitaogulin.si\/wp-content\/uploads\/2024\/05\/CenikSumica_jan2024.pdf&#8221; url_new_window=&#8221;on&#8221; button_text=&#8221;Price list&#8221; button_alignment=&#8221;center&#8221; _builder_version=&#8221;4.25.0&#8243; custom_button=&#8221;on&#8221; button_text_size=&#8221;12px&#8221; button_text_color=&#8221;#ffffff&#8221; button_bg_color=&#8221;#20a6b9&#8243; button_bg_color_gradient_direction=&#8221;89deg&#8221; button_bg_color_gradient_stops=&#8221;#ffcfaa 0%|#fa6eb9 100%&#8221; button_bg_color_gradient_start=&#8221;#ffcfaa&#8221; button_bg_color_gradient_end=&#8221;#fa6eb9&#8243; button_border_width=&#8221;0px&#8221; button_border_radius=&#8221;100px&#8221; button_letter_spacing=&#8221;4px&#8221; button_font=&#8221;|700||on|||||&#8221; button_icon=&#8221;&#x24;||divi||400&#8243; custom_margin=&#8221;30px||||false|false&#8221; custom_padding=&#8221;20px|46px|20px|46px|true|true&#8221; box_shadow_style=&#8221;preset3&#8243; box_shadow_vertical=&#8221;10px&#8221; box_shadow_blur=&#8221;20px&#8221; box_shadow_spread=&#8221;0px&#8221; box_shadow_color=&#8221;rgba(32,166,185,0.32)&#8221; locked=&#8221;off&#8221; global_colors_info=&#8221;{}&#8221;][\/et_pb_button][\/et_pb_column][\/et_pb_row][\/et_pb_section][et_pb_section fb_built=&#8221;1&#8243; _builder_version=&#8221;4.25.0&#8243; _module_preset=&#8221;default&#8221; custom_padding=&#8221;0px||0px||true|false&#8221; global_colors_info=&#8221;{}&#8221;][et_pb_row column_structure=&#8221;1_3,1_3,1_3&#8243; use_custom_gutter=&#8221;on&#8221; gutter_width=&#8221;1&#8243; make_equal=&#8221;on&#8221; _builder_version=&#8221;4.25.0&#8243; _module_preset=&#8221;default&#8221; width=&#8221;100%&#8221; max_width=&#8221;1920px&#8221; custom_padding=&#8221;0px||0px||true|false&#8221; global_colors_info=&#8221;{}&#8221;][et_pb_column type=&#8221;1_3&#8243; _builder_version=&#8221;4.25.0&#8243; _module_preset=&#8221;default&#8221; background_image=&#8221;https:\/\/www.zveza-anitaogulin.si\/wp-content\/uploads\/2024\/05\/Kranjska-3.jpg&#8221; global_colors_info=&#8221;{}&#8221;][et_pb_divider show_divider=&#8221;off&#8221; _builder_version=&#8221;4.25.0&#8243; _module_preset=&#8221;default&#8221; min_height=&#8221;300px&#8221; global_colors_info=&#8221;{}&#8221;][\/et_pb_divider][\/et_pb_column][et_pb_column type=&#8221;1_3&#8243; _builder_version=&#8221;4.25.0&#8243; _module_preset=&#8221;default&#8221; background_image=&#8221;https:\/\/www.zveza-anitaogulin.si\/wp-content\/uploads\/2024\/05\/kranjska-2-1024&#215;682-1.jpg&#8221; background_position=&#8221;bottom_center&#8221; global_colors_info=&#8221;{}&#8221;][et_pb_divider show_divider=&#8221;off&#8221; _builder_version=&#8221;4.25.0&#8243; _module_preset=&#8221;default&#8221; min_height=&#8221;300px&#8221; global_colors_info=&#8221;{}&#8221;][\/et_pb_divider][\/et_pb_column][et_pb_column type=&#8221;1_3&#8243; _builder_version=&#8221;4.25.0&#8243; _module_preset=&#8221;default&#8221; background_image=&#8221;https:\/\/www.zveza-anitaogulin.si\/wp-content\/uploads\/2024\/05\/FOTO-VILA-SUMICA_-LOW-QUAL-_20-1030&#215;687-1.jpg&#8221; background_position=&#8221;bottom_center&#8221; global_colors_info=&#8221;{}&#8221;][et_pb_divider show_divider=&#8221;off&#8221; _builder_version=&#8221;4.25.0&#8243; _module_preset=&#8221;default&#8221; min_height=&#8221;300px&#8221; global_colors_info=&#8221;{}&#8221;][\/et_pb_divider][\/et_pb_column][\/et_pb_row][\/et_pb_section]<\/p>\n","protected":false},"excerpt":{"rendered":"<p>ACCOMMODATIONIn the land of Kekec located in the Triglav National Park, just below Prisanek, stands a friendly villa. An oasis of peace, beauty, kindness, and service, it offers guests both little and big a huge amount of learning, social, and sports programs throughout the year. The villa is located a stone&#8217;s throw from Kranjska Gora, [&hellip;]<\/p>\n","protected":false},"author":1,"featured_media":0,"parent":395837,"menu_order":0,"comment_status":"closed","ping_status":"closed","template":"","meta":{"give_campaign_id":0,"_seopress_robots_primary_cat":"","_seopress_titles_title":"","_seopress_titles_desc":"","_seopress_robots_index":"","_et_pb_use_builder":"on","_et_pb_old_content":"","_et_gb_content_width":"","footnotes":""},"class_list":["post-395754","page","type-page","status-publish","hentry"],"campaignId":"","_links":{"self":[{"href":"https:\/\/www.zveza-anitaogulin.si\/en\/wp-json\/wp\/v2\/pages\/395754","targetHints":{"allow":["GET"]}}],"collection":[{"href":"https:\/\/www.zveza-anitaogulin.si\/en\/wp-json\/wp\/v2\/pages"}],"about":[{"href":"https:\/\/www.zveza-anitaogulin.si\/en\/wp-json\/wp\/v2\/types\/page"}],"author":[{"embeddable":true,"href":"https:\/\/www.zveza-anitaogulin.si\/en\/wp-json\/wp\/v2\/users\/1"}],"replies":[{"embeddable":true,"href":"https:\/\/www.zveza-anitaogulin.si\/en\/wp-json\/wp\/v2\/comments?post=395754"}],"version-history":[{"count":6,"href":"https:\/\/www.zveza-anitaogulin.si\/en\/wp-json\/wp\/v2\/pages\/395754\/revisions"}],"predecessor-version":[{"id":396010,"href":"https:\/\/www.zveza-anitaogulin.si\/en\/wp-json\/wp\/v2\/pages\/395754\/revisions\/396010"}],"up":[{"embeddable":true,"href":"https:\/\/www.zveza-anitaogulin.si\/en\/wp-json\/wp\/v2\/pages\/395837"}],"wp:attachment":[{"href":"https:\/\/www.zveza-anitaogulin.si\/en\/wp-json\/wp\/v2\/media?parent=395754"}],"curies":[{"name":"wp","href":"https:\/\/api.w.org\/{rel}","templated":true}]}}