{"id":395643,"date":"2024-10-07T13:37:16","date_gmt":"2024-10-07T11:37:16","guid":{"rendered":"https:\/\/www.zveza-anitaogulin.si\/winter-holidays\/"},"modified":"2024-12-13T07:42:32","modified_gmt":"2024-12-13T06:42:32","slug":"winter-holidays","status":"publish","type":"page","link":"https:\/\/www.zveza-anitaogulin.si\/en\/winter-holidays\/","title":{"rendered":"Winter holidays"},"content":{"rendered":"<p>[et_pb_section fb_built=&#8221;1&#8243; admin_label=&#8221;Header&#8221; _builder_version=&#8221;4.25.0&#8243; _module_preset=&#8221;default&#8221; background_enable_color=&#8221;off&#8221; use_background_color_gradient=&#8221;on&#8221; background_color_gradient_direction=&#8221;90deg&#8221; background_color_gradient_stops=&#8221;#832047 0%|#20a6b9 100%&#8221; background_image=&#8221;https:\/\/www.zveza-anitaogulin.si\/wp-content\/uploads\/2024\/05\/virtual-assistant-333.png&#8221; background_blend=&#8221;soft-light&#8221; custom_padding=&#8221;6%||6%||false|false&#8221; global_module=&#8221;814&#8243; locked=&#8221;off&#8221; global_colors_info=&#8221;{}&#8221;][et_pb_row _builder_version=&#8221;4.27.0&#8243; _module_preset=&#8221;default&#8221; width=&#8221;90%&#8221; max_width=&#8221;1920px&#8221; global_colors_info=&#8221;{}&#8221;][et_pb_column type=&#8221;4_4&#8243; _builder_version=&#8221;4.16&#8243; _module_preset=&#8221;default&#8221; global_colors_info=&#8221;{}&#8221;][et_pb_post_title meta=&#8221;off&#8221; featured_image=&#8221;off&#8221; _builder_version=&#8221;4.25.0&#8243; _module_preset=&#8221;default&#8221; title_text_color=&#8221;rgba(255,255,255,0.69)&#8221; title_font_size=&#8221;4vw&#8221; title_font_size_tablet=&#8221;5vw&#8221; title_font_size_phone=&#8221;4vh&#8221; title_font_size_last_edited=&#8221;on|phone&#8221; global_colors_info=&#8221;{}&#8221;][\/et_pb_post_title][\/et_pb_column][\/et_pb_row][\/et_pb_section][et_pb_section fb_built=&#8221;1&#8243; _builder_version=&#8221;4.25.0&#8243; _module_preset=&#8221;default&#8221; custom_padding=&#8221;||47px|||&#8221; global_colors_info=&#8221;{}&#8221;][et_pb_row _builder_version=&#8221;4.20.0&#8243; _module_preset=&#8221;default&#8221; custom_margin=&#8221;|auto|-23px|auto||&#8221; custom_padding=&#8221;||35px|||&#8221; global_colors_info=&#8221;{}&#8221;][et_pb_column type=&#8221;4_4&#8243; module_class=&#8221;btn-inline&#8221; _builder_version=&#8221;4.20.0&#8243; _module_preset=&#8221;default&#8221; global_colors_info=&#8221;{}&#8221;][et_pb_text _builder_version=&#8221;4.27.0&#8243; _module_preset=&#8221;default&#8221; header_2_font=&#8221;|700|||||||&#8221; header_2_text_align=&#8221;left&#8221; header_2_font_size=&#8221;30px&#8221; header_2_line_height=&#8221;1.2em&#8221; custom_margin=&#8221;||9px||false|false&#8221; animation_direction=&#8221;right&#8221; header_2_font_size_tablet=&#8221;25px&#8221; header_2_font_size_phone=&#8221;20px&#8221; header_2_font_size_last_edited=&#8221;on|phone&#8221; global_colors_info=&#8221;{}&#8221;]<\/p>\n<h2>SKIING AND FUN IN THE SNOW (CHILDREN FROM 8 TO 14 YEARS OF AGE)<\/h2>\n<p>[\/et_pb_text][et_pb_divider color=&#8221;#20A6B9&#8243; divider_weight=&#8221;3px&#8221; _builder_version=&#8221;4.25.0&#8243; _module_preset=&#8221;default&#8221; background_color=&#8221;#EEEEEE&#8221; z_index=&#8221;50&#8243; width=&#8221;150px&#8221; width_tablet=&#8221;100px&#8221; width_phone=&#8221;101px&#8221; width_last_edited=&#8221;on|phone&#8221; module_alignment=&#8221;left&#8221; max_height=&#8221;1px&#8221; custom_margin=&#8221;0px||0px||false|false&#8221; custom_padding=&#8221;0px||0px||false|false&#8221; animation_style=&#8221;slide&#8221; animation_intensity_slide=&#8221;32%&#8221; global_colors_info=&#8221;{}&#8221;][\/et_pb_divider][et_pb_divider color=&#8221;#d1d1d1&#8243; divider_weight=&#8221;1px&#8221; _builder_version=&#8221;4.25.0&#8243; _module_preset=&#8221;default&#8221; width_tablet=&#8221;90%&#8221; width_phone=&#8221;80%&#8221; width_last_edited=&#8221;off|desktop&#8221; module_alignment=&#8221;left&#8221; custom_margin=&#8221;||4px||false|false&#8221; custom_padding=&#8221;||0px||false|false&#8221; animation_direction=&#8221;right&#8221; global_colors_info=&#8221;{}&#8221;][\/et_pb_divider][et_pb_text _builder_version=&#8221;4.27.0&#8243; _module_preset=&#8221;default&#8221; global_colors_info=&#8221;{}&#8221;]<\/p>\n<p><span>For 20\u00a0years, we have been organising winter ski holidays in the &#8220;Vila \u0160umica&#8221; holiday home in Kranjska Gora. Full of cheerfulness and imagination, mentors and accompanying adults prepare high-quality programmes to conjure up smiles and unforgettable moments for children. Our winter vacation is intended for children who already know how to ski, since this is the only way to ensure a high-quality programme for all participants. To find out more about the programme, continue reading.<\/span><\/p>\n<p>[\/et_pb_text][\/et_pb_column][\/et_pb_row][et_pb_row _builder_version=&#8221;4.20.0&#8243; _module_preset=&#8221;default&#8221; custom_margin=&#8221;|auto|-23px|auto||&#8221; custom_padding=&#8221;||35px|||&#8221; global_colors_info=&#8221;{}&#8221;][et_pb_column type=&#8221;4_4&#8243; module_class=&#8221;btn-inline&#8221; _builder_version=&#8221;4.20.0&#8243; _module_preset=&#8221;default&#8221; global_colors_info=&#8221;{}&#8221;][et_pb_text _builder_version=&#8221;4.25.0&#8243; _module_preset=&#8221;default&#8221; header_2_font=&#8221;|700|||||||&#8221; header_2_text_align=&#8221;left&#8221; header_2_font_size=&#8221;30px&#8221; header_2_line_height=&#8221;1.2em&#8221; custom_margin=&#8221;||9px||false|false&#8221; animation_direction=&#8221;right&#8221; header_2_font_size_tablet=&#8221;25px&#8221; header_2_font_size_phone=&#8221;20px&#8221; header_2_font_size_last_edited=&#8221;on|phone&#8221; global_colors_info=&#8221;{}&#8221;]<\/p>\n<h2>TIME SLOTS\u00a0<\/h2>\n<p>\u00a0[\/et_pb_text][et_pb_divider color=&#8221;#20A6B9&#8243; divider_weight=&#8221;3px&#8221; _builder_version=&#8221;4.25.0&#8243; _module_preset=&#8221;default&#8221; background_color=&#8221;#EEEEEE&#8221; z_index=&#8221;50&#8243; width=&#8221;150px&#8221; width_tablet=&#8221;100px&#8221; width_phone=&#8221;101px&#8221; width_last_edited=&#8221;on|phone&#8221; module_alignment=&#8221;left&#8221; max_height=&#8221;1px&#8221; custom_margin=&#8221;0px||0px||false|false&#8221; custom_padding=&#8221;0px||0px||false|false&#8221; animation_style=&#8221;slide&#8221; animation_intensity_slide=&#8221;32%&#8221; global_colors_info=&#8221;{}&#8221;][\/et_pb_divider][et_pb_divider color=&#8221;#d1d1d1&#8243; divider_weight=&#8221;1px&#8221; _builder_version=&#8221;4.25.0&#8243; _module_preset=&#8221;default&#8221; width_tablet=&#8221;90%&#8221; width_phone=&#8221;80%&#8221; width_last_edited=&#8221;off|desktop&#8221; module_alignment=&#8221;left&#8221; custom_margin=&#8221;||4px||false|false&#8221; custom_padding=&#8221;||0px||false|false&#8221; animation_direction=&#8221;right&#8221; global_colors_info=&#8221;{}&#8221;][\/et_pb_divider][\/et_pb_column][\/et_pb_row][et_pb_row use_custom_gutter=&#8221;on&#8221; gutter_width=&#8221;1&#8243; make_equal=&#8221;on&#8221; _builder_version=&#8221;4.25.0&#8243; _module_preset=&#8221;default&#8221; custom_padding=&#8221;0px||5px|||&#8221; global_colors_info=&#8221;{}&#8221;][et_pb_column type=&#8221;4_4&#8243; _builder_version=&#8221;4.25.0&#8243; _module_preset=&#8221;default&#8221; global_colors_info=&#8221;{}&#8221;][et_pb_text _builder_version=&#8221;4.27.0&#8243; _module_preset=&#8221;default&#8221; global_colors_info=&#8221;{}&#8221;]<\/p>\n<ul>\n<li><strong>1st TIME SLOT:<\/strong>\u00a016 February \u2013 22 February\u00a02025<\/li>\n<li><strong>2nd TIME SLOT:<\/strong>\u00a023 February \u2013 1 March 2025\u00a0<\/li>\n<\/ul>\n<p>[\/et_pb_text][\/et_pb_column][\/et_pb_row][\/et_pb_section][et_pb_section fb_built=&#8221;1&#8243; admin_label=&#8221;Schedule&#8221; _builder_version=&#8221;4.16&#8243; max_width_tablet=&#8221;&#8221; max_width_phone=&#8221;100%&#8221; max_width_last_edited=&#8221;on|phone&#8221; custom_margin=&#8221;-44px||-100px|||&#8221; custom_padding=&#8221;0px|0px|100px|0px|false|false&#8221; global_colors_info=&#8221;{}&#8221;][et_pb_row column_structure=&#8221;1_2,1_2&#8243; make_equal=&#8221;on&#8221; _builder_version=&#8221;4.25.0&#8243; _module_preset=&#8221;default&#8221; custom_padding=&#8221;0px|||||&#8221; global_colors_info=&#8221;{}&#8221;][et_pb_column type=&#8221;1_2&#8243; _builder_version=&#8221;4.25.0&#8243; _module_preset=&#8221;default&#8221; custom_padding=&#8221;27px|15px|27px|15px|true|true&#8221; border_radii=&#8221;on|26px|26px|26px|26px&#8221; border_width_all=&#8221;1px&#8221; border_color_all=&#8221;#bababa&#8221; box_shadow_style=&#8221;preset1&#8243; box_shadow_blur=&#8221;55px&#8221; box_shadow_color=&#8221;#FFFFFF&#8221; global_colors_info=&#8221;{}&#8221; box_shadow_color__hover_enabled=&#8221;on|hover&#8221; box_shadow_color__hover=&#8221;rgba(32,166,185,0.27)&#8221;][et_pb_text _builder_version=&#8221;4.27.0&#8243; _module_preset=&#8221;default&#8221; global_colors_info=&#8221;{}&#8221;]<\/p>\n<p style=\"text-align: center\"><strong>1st TIME SLOT:<\/strong><\/p>\n<p style=\"text-align: center\"><em>Holidays for students from the area of southeastern Slovenia, the statistical regions of Koro\u0161ka, Podravska, Pomurska, Savinjska and Posavska.<\/em><\/p>\n<p style=\"text-align: center\"><strong>PRICE in 2024: EUR\u00a0300.00<span>\u00a0<\/span><\/strong>(with transport from \u0160entjur\/Metlika \u2013 Ljubljana \u2013 Kranjska Gora \u2013 Ljubljana \u2013 \u0160entjur\/Metlika)<\/p>\n<p style=\"text-align: center\"><em>The price for 2025\u00a0is expected to be announced in December.<\/em><\/p>\n<p>[\/et_pb_text][\/et_pb_column][et_pb_column type=&#8221;1_2&#8243; _builder_version=&#8221;4.25.0&#8243; _module_preset=&#8221;default&#8221; custom_padding=&#8221;27px|15px|27px|15px|true|true&#8221; border_radii=&#8221;on|26px|26px|26px|26px&#8221; border_width_all=&#8221;1px&#8221; border_color_all=&#8221;#bababa&#8221; box_shadow_style=&#8221;preset1&#8243; box_shadow_blur=&#8221;55px&#8221; box_shadow_color=&#8221;#FFFFFF&#8221; global_colors_info=&#8221;{}&#8221; box_shadow_color__hover_enabled=&#8221;on|hover&#8221; box_shadow_color__hover=&#8221;rgba(32,166,185,0.27)&#8221;][et_pb_text _builder_version=&#8221;4.27.0&#8243; _module_preset=&#8221;default&#8221; global_colors_info=&#8221;{}&#8221;]<\/p>\n<p style=\"text-align: center\"><strong>2nd TIME SLOT:<\/strong><\/p>\n<p style=\"text-align: center\"><em>Holidays for students of the statistical regions of Central Slovenia and Zasavje, and of the following southeastern Slovenian municipalities: Ribnica, Sodra\u017eica, Lo\u0161ki potok, Ko\u010devje, Osilnica and Kostel.<\/em><\/p>\n<p style=\"text-align: center\"><strong>PRICE in 2024: EUR\u00a0300.00<\/strong><span>\u00a0<\/span>(with transport from Ljubljana\u2013 Kranjska Gora Ljubljana) or<strong><span>\u00a0<\/span>EUR\u00a0285.00<span>\u00a0<\/span><\/strong>(without transport)*<\/p>\n<p style=\"text-align: center\"><em>The price for 2025\u00a0is expected to be announced in December.<\/em><\/p>\n<p>[\/et_pb_text][\/et_pb_column][\/et_pb_row][et_pb_row column_structure=&#8221;1_2,1_2&#8243; _builder_version=&#8221;4.25.0&#8243; _module_preset=&#8221;default&#8221; global_colors_info=&#8221;{}&#8221;][et_pb_column type=&#8221;1_2&#8243; _builder_version=&#8221;4.25.0&#8243; _module_preset=&#8221;default&#8221; global_colors_info=&#8221;{}&#8221;][et_pb_text _builder_version=&#8221;4.27.0&#8243; _module_preset=&#8221;default&#8221; custom_margin=&#8221;-30px|||||&#8221; custom_padding=&#8221;||0px|||&#8221; global_colors_info=&#8221;{}&#8221;]<\/p>\n<div class=\"wp-block-column is-layout-flow wp-block-column-is-layout-flow\">\n<p><strong>The price includes:<br \/><\/strong> \u2013 accommodation and food (5\u00a0meals a day). Homemade snacks (pastries, rolls, doughnuts etc.) are brought from the holiday home to the ski slope;<br \/> \u2013 all-day animation, childcare;<br \/> \u2013 rental of skis, ski boots and helmets;<br \/> \u2013 ski bus \u2013 transport to the ski slopes and back;<br \/> \u2013 insurance.<\/p>\n<\/div>\n<p>[\/et_pb_text][\/et_pb_column][et_pb_column type=&#8221;1_2&#8243; _builder_version=&#8221;4.27.0&#8243; _module_preset=&#8221;default&#8221; global_colors_info=&#8221;{}&#8221;][et_pb_text _builder_version=&#8221;4.27.0&#8243; _module_preset=&#8221;default&#8221; custom_margin=&#8221;-30px|||||&#8221; custom_padding=&#8221;||0px|||&#8221; global_colors_info=&#8221;{}&#8221;]<\/p>\n<div class=\"wp-block-column is-layout-flow wp-block-column-is-layout-flow\">\n<p><strong>Additional payment:<span>\u00a0<\/span><\/strong>for ski passes, approximately up to EUR\u00a080.00 (this is the total price for all 5\u00a0days of using the cable car; the price depends on the choice of the ski slope and the prior knowledge of skiing).&amp;#1<\/p>\n<p><strong>The calculation is made after the realisation for each child separately (according to the number of ski passes used).\u00a0<\/strong><\/p>\n<p>\u00a0<\/p>\n<p><span>The number of places is limited to 50\u00a0children per time slot. Up to 10\u00a0children can additionally join the wait list.<\/span><\/p>\n<\/div>\n<p>[\/et_pb_text][\/et_pb_column][\/et_pb_row][et_pb_row _builder_version=&#8221;4.25.0&#8243; _module_preset=&#8221;default&#8221; global_colors_info=&#8221;{}&#8221;][et_pb_column type=&#8221;4_4&#8243; _builder_version=&#8221;4.25.0&#8243; _module_preset=&#8221;default&#8221; global_colors_info=&#8221;{}&#8221;][et_pb_text _builder_version=&#8221;4.27.0&#8243; _module_preset=&#8221;default&#8221; custom_margin=&#8221;-30px|||||&#8221; custom_padding=&#8221;||0px|||&#8221; global_colors_info=&#8221;{}&#8221;]<\/p>\n<div class=\"wp-block-column is-layout-flow wp-block-column-is-layout-flow\">\n<p><strong>2023\u00a0GALLERY<br \/><\/strong><\/p>\n<ul>\n<li><strong><a href=\"https:\/\/photos.google.com\/share\/AF1QipNJrfIPhBgFmf3aJl6RxXmt3C6GqRZnl1dcfn-sbiBtmiCqgM5yV28PwW_TpwR0gg?key=VTJrV3BLb1B0ZElDV1k3VDVYZHRaZXJYemtuQ1R3\">Winter vacation in Kranjska Gora, 1st time slot<span><\/span><\/a><\/strong><\/li>\n<li><a href=\"https:\/\/photos.google.com\/share\/AF1QipMmlriJw8t6utZeeXgG1H-0Qw_kcgdFpyKIjoBg8Gfs417KXpCQpF2H3aVU-B4e0g?key=TU0yYThrMDYxLUxMZnRSOThNUTNnSDQ3djUyMU9n\"><strong><span>Winter vacation, 2nd time slot<\/span><\/strong><\/a><\/li>\n<\/ul>\n<\/div>\n<p>[\/et_pb_text][\/et_pb_column][\/et_pb_row][\/et_pb_section]<\/p>\n","protected":false},"excerpt":{"rendered":"<p>SKIING AND FUN IN THE SNOW (CHILDREN FROM 8 TO 14 YEARS OF AGE)For 20\u00a0years, we have been organising winter ski holidays in the &#8220;Vila \u0160umica&#8221; holiday home in Kranjska Gora. Full of cheerfulness and imagination, mentors and accompanying adults prepare high-quality programmes to conjure up smiles and unforgettable moments for children. Our winter vacation [&hellip;]<\/p>\n","protected":false},"author":2,"featured_media":0,"parent":0,"menu_order":0,"comment_status":"closed","ping_status":"closed","template":"","meta":{"give_campaign_id":0,"_seopress_robots_primary_cat":"","_seopress_titles_title":"","_seopress_titles_desc":"","_seopress_robots_index":"","_et_pb_use_builder":"on","_et_pb_old_content":"","_et_gb_content_width":"","footnotes":""},"class_list":["post-395643","page","type-page","status-publish","hentry"],"campaignId":"","_links":{"self":[{"href":"https:\/\/www.zveza-anitaogulin.si\/en\/wp-json\/wp\/v2\/pages\/395643","targetHints":{"allow":["GET"]}}],"collection":[{"href":"https:\/\/www.zveza-anitaogulin.si\/en\/wp-json\/wp\/v2\/pages"}],"about":[{"href":"https:\/\/www.zveza-anitaogulin.si\/en\/wp-json\/wp\/v2\/types\/page"}],"author":[{"embeddable":true,"href":"https:\/\/www.zveza-anitaogulin.si\/en\/wp-json\/wp\/v2\/users\/2"}],"replies":[{"embeddable":true,"href":"https:\/\/www.zveza-anitaogulin.si\/en\/wp-json\/wp\/v2\/comments?post=395643"}],"version-history":[{"count":6,"href":"https:\/\/www.zveza-anitaogulin.si\/en\/wp-json\/wp\/v2\/pages\/395643\/revisions"}],"predecessor-version":[{"id":395831,"href":"https:\/\/www.zveza-anitaogulin.si\/en\/wp-json\/wp\/v2\/pages\/395643\/revisions\/395831"}],"wp:attachment":[{"href":"https:\/\/www.zveza-anitaogulin.si\/en\/wp-json\/wp\/v2\/media?parent=395643"}],"curies":[{"name":"wp","href":"https:\/\/api.w.org\/{rel}","templated":true}]}}